{"id":118,"date":"2025-12-02T20:05:31","date_gmt":"2025-12-02T20:05:31","guid":{"rendered":"http:\/\/localhost:8888\/monogram\/?page_id=118"},"modified":"2026-03-01T10:47:30","modified_gmt":"2026-03-01T15:47:30","slug":"contact","status":"publish","type":"page","link":"https:\/\/vanderban.emprenderads.com\/en\/contact\/","title":{"rendered":"Contacto"},"content":{"rendered":"<div data-elementor-type=\"wp-page\" data-elementor-id=\"118\" class=\"elementor elementor-118\" data-elementor-post-type=\"page\">\n\t\t\t\t<div class=\"elementor-element elementor-element-231a33c e-flex e-con-boxed e-con e-parent\" data-id=\"231a33c\" data-element_type=\"container\" data-e-type=\"container\">\n\t\t\t\t\t<div class=\"e-con-inner\">\n\t\t<div class=\"elementor-element elementor-element-7e0f39f e-con-full animated-fast e-flex elementor-invisible e-con e-child\" data-id=\"7e0f39f\" data-element_type=\"container\" data-e-type=\"container\" data-settings=\"{&quot;animation&quot;:&quot;jkd-fade-up-el&quot;,&quot;animation_delay&quot;:150,&quot;background_background&quot;:&quot;classic&quot;}\">\n\t\t<div class=\"elementor-element elementor-element-4e90131 e-con-full e-flex e-con e-child\" data-id=\"4e90131\" data-element_type=\"container\" data-e-type=\"container\" data-settings=\"{&quot;background_background&quot;:&quot;classic&quot;,&quot;position&quot;:&quot;absolute&quot;}\">\n\t\t\t\t<div class=\"elementor-element elementor-element-477dc20 elementor-widget elementor-widget-heading\" data-id=\"477dc20\" data-element_type=\"widget\" data-e-type=\"widget\" data-widget_type=\"heading.default\">\n\t\t\t\t\t<h5 class=\"elementor-heading-title elementor-size-default\">Hablemos de tu proyecto<\/h5>\t\t\t\t<\/div>\n\t\t\t\t<div class=\"elementor-element elementor-element-5428f02 elementor-widget elementor-widget-text-editor\" data-id=\"5428f02\" data-element_type=\"widget\" data-e-type=\"widget\" data-widget_type=\"text-editor.default\">\n\t\t\t\t\t\t\t\t\t<p>\u00bfTienes un proyecto en mente o quieres optimizar tu operaci\u00f3n actual? Conversemos sobre tu situaci\u00f3n y evaluemos oportunidades concretas de mejora.<\/p>\t\t\t\t\t\t\t\t<\/div>\n\t\t\t\t<div class=\"elementor-element elementor-element-bf6abf2 elementor-widget elementor-widget-jkd-social-list\" data-id=\"bf6abf2\" data-element_type=\"widget\" data-e-type=\"widget\" data-widget_type=\"jkd-social-list.default\">\n\t\t\t\t<div class=\"elementor-widget-container\">\n\t\t\t\t\t\n<div class=\"jkd-social-list style-1\"\n     role=\"navigation\"\n     aria-label=\"Social Media Links\">\n\n\t\t\t\n\t\t<a href=\"https:\/\/themeforest.net\/user\/jkdevstudio\"\n\t\t   class=\"social-item\"\n\t\t   target=\"_blank\"\n\t\t   rel=\"noopener nofollow\"\n\t\t   aria-label=\"Facebook\">\n\n\t\t\t\t\t\t\t\n\t\t\t\n\t\t<\/a>\n\n\t\t\t\n\t\t<a href=\"https:\/\/themeforest.net\/user\/jkdevstudio\"\n\t\t   class=\"social-item\"\n\t\t   target=\"_blank\"\n\t\t   rel=\"noopener nofollow\"\n\t\t   aria-label=\"Linkedin\">\n\n\t\t\t\t\t\t\t\n\t\t\t\n\t\t<\/a>\n\n\t\t\t\n\t\t<a href=\"https:\/\/themeforest.net\/user\/jkdevstudio\"\n\t\t   class=\"social-item\"\n\t\t   target=\"_blank\"\n\t\t   rel=\"noopener nofollow\"\n\t\t   aria-label=\"Dribbble\">\n\n\t\t\t\t\t\t\t\n\t\t\t\n\t\t<\/a>\n\n\t\t\t\n\t\t<a href=\"https:\/\/themeforest.net\/user\/jkdevstudio\"\n\t\t   class=\"social-item\"\n\t\t   target=\"_blank\"\n\t\t   rel=\"noopener nofollow\"\n\t\t   aria-label=\"instagram\">\n\n\t\t\t\t\t\t\t\n\t\t\t\n\t\t<\/a>\n\n\t\t\t\n\t\t<a href=\"https:\/\/themeforest.net\/user\/jkdevstudio\"\n\t\t   class=\"social-item\"\n\t\t   target=\"_blank\"\n\t\t   rel=\"noopener nofollow\"\n\t\t   aria-label=\"X\">\n\n\t\t\t\t\t\t\t\n\t\t\t\n\t\t<\/a>\n\n\t<\/div>\n\t\t\t\t<\/div>\n\t\t\t\t<\/div>\n\t\t\t\t<\/div>\n\t\t\t\t<\/div>\n\t\t<div class=\"elementor-element elementor-element-50bea22 e-con-full animated-fast e-flex elementor-invisible e-con e-child\" data-id=\"50bea22\" data-element_type=\"container\" data-e-type=\"container\" data-settings=\"{&quot;animation&quot;:&quot;jkd-fade-up-el&quot;,&quot;animation_delay&quot;:150}\">\n\t\t\t\t<div class=\"elementor-element elementor-element-374a5a7 elementor-widget elementor-widget-jkd-cf7-form\" data-id=\"374a5a7\" data-element_type=\"widget\" data-e-type=\"widget\" data-widget_type=\"jkd-cf7-form.default\">\n\t\t\t\t<div class=\"elementor-widget-container\">\n\t\t\t\t\t<div class=\"cf7-main-wrp\">\n<div class=\"wpcf7 no-js\" id=\"wpcf7-f1810-o1\" lang=\"en-US\" dir=\"ltr\" data-wpcf7-id=\"1810\">\n<div class=\"screen-reader-response\"><p role=\"status\" aria-live=\"polite\" aria-atomic=\"true\"><\/p> <ul><\/ul><\/div>\n<form action=\"\/en\/wp-json\/wp\/v2\/pages\/118#wpcf7-f1810-o1\" method=\"post\" class=\"wpcf7-form init\" aria-label=\"Contact form\" novalidate=\"novalidate\" data-status=\"init\" data-trp-original-action=\"\/en\/wp-json\/wp\/v2\/pages\/118#wpcf7-f1810-o1\">\n<fieldset class=\"hidden-fields-container\"><input type=\"hidden\" name=\"_wpcf7\" value=\"1810\" \/><input type=\"hidden\" name=\"_wpcf7_version\" value=\"6.1.5\" \/><input type=\"hidden\" name=\"_wpcf7_locale\" value=\"en_US\" \/><input type=\"hidden\" name=\"_wpcf7_unit_tag\" value=\"wpcf7-f1810-o1\" \/><input type=\"hidden\" name=\"_wpcf7_container_post\" value=\"0\" \/><input type=\"hidden\" name=\"_wpcf7_posted_data_hash\" value=\"\" \/>\n<\/fieldset>\n<div class=\"form-row two-cols\">\n\t<div>\n\t\t<p><label>Nombre *<\/label><br \/>\n<span class=\"wpcf7-form-control-wrap\" data-name=\"first-name\"><input size=\"40\" maxlength=\"400\" class=\"wpcf7-form-control wpcf7-text wpcf7-validates-as-required\" aria-required=\"true\" aria-invalid=\"false\" placeholder=\"Tu nombre\" value=\"\" type=\"text\" name=\"first-name\" \/><\/span>\n\t\t<\/p>\n\t<\/div>\n\t<div>\n\t\t<p><label>Apellido *<\/label><br \/>\n<span class=\"wpcf7-form-control-wrap\" data-name=\"last-name\"><input size=\"40\" maxlength=\"400\" class=\"wpcf7-form-control wpcf7-text wpcf7-validates-as-required\" aria-required=\"true\" aria-invalid=\"false\" placeholder=\"Tu apellido\" value=\"\" type=\"text\" name=\"last-name\" \/><\/span>\n\t\t<\/p>\n\t<\/div>\n<\/div>\n<div class=\"form-row\">\n\t<p><label>Email *<\/label><br \/>\n<span class=\"wpcf7-form-control-wrap\" data-name=\"your-email\"><input size=\"40\" maxlength=\"400\" class=\"wpcf7-form-control wpcf7-email wpcf7-validates-as-required wpcf7-text wpcf7-validates-as-email\" aria-required=\"true\" aria-invalid=\"false\" placeholder=\"Email\" value=\"\" type=\"email\" name=\"your-email\" \/><\/span>\n\t<\/p>\n<\/div>\n<div class=\"form-row\">\n\t<p><label>Mensaje *<\/label><br \/>\n<span class=\"wpcf7-form-control-wrap\" data-name=\"your-message\"><textarea cols=\"40\" rows=\"10\" maxlength=\"2000\" class=\"wpcf7-form-control wpcf7-textarea wpcf7-validates-as-required\" aria-required=\"true\" aria-invalid=\"false\" placeholder=\"Cu\u00e9ntanos brevemente tu situaci\u00f3n actual, objetivos y principales desaf\u00edos.\" name=\"your-message\"><\/textarea><\/span>\n\t<\/p>\n<\/div>\n<div class=\"form-row submit-row\">\n\t<p><input class=\"wpcf7-form-control wpcf7-submit has-spinner\" type=\"submit\" value=\"Contactar\" \/>\n\t<\/p>\n<\/div>\n<div class=\"form-note small\">\n\t<p>Al contactar aceptas nuestros <a href=\"#\">Terms of service<\/a> y <a href=\"#\">Privacy Policy<\/a>\n\t<\/p>\n<\/div><div class=\"wpcf7-response-output\" aria-hidden=\"true\"><\/div>\n<input type=\"hidden\" name=\"trp-form-language\" value=\"en\"\/><\/form>\n<\/div>\n<\/div>\t\t\t\t<\/div>\n\t\t\t\t<\/div>\n\t\t\t\t<\/div>\n\t\t\t\t\t<\/div>\n\t\t\t\t<\/div>\n\t\t<div class=\"elementor-element elementor-element-2b03ff9 e-flex e-con-boxed e-con e-parent\" data-id=\"2b03ff9\" data-element_type=\"container\" data-e-type=\"container\">\n\t\t\t\t\t<div class=\"e-con-inner\">\n\t\t<div class=\"elementor-element elementor-element-80d0536 e-con-full animated-fast e-flex elementor-invisible e-con e-child\" data-id=\"80d0536\" data-element_type=\"container\" data-e-type=\"container\" data-settings=\"{&quot;animation&quot;:&quot;jkd-fade-up-el&quot;}\">\n\t\t\t\t<div class=\"elementor-element elementor-element-2ac06a2 accent-icon-stroke elementor-widget__width-auto elementor-view-default elementor-widget elementor-widget-icon\" data-id=\"2ac06a2\" data-element_type=\"widget\" data-e-type=\"widget\" data-widget_type=\"icon.default\">\n\t\t\t\t\t\t\t<div class=\"elementor-icon-wrapper\">\n\t\t\t<div class=\"elementor-icon\">\n\t\t\t<svg xmlns=\"http:\/\/www.w3.org\/2000\/svg\" width=\"24px\" height=\"24px\" stroke-width=\"1.5\" viewbox=\"0 0 24 24\" fill=\"none\" color=\"#000000\"><path d=\"M18.1182 14.702L14 15.5C11.2183 14.1038 9.5 12.5 8.5 10L9.26995 5.8699L7.81452 2L4.0636 2C2.93605 2 2.04814 2.93178 2.21654 4.04668C2.63695 6.83 3.87653 11.8765 7.5 15.5C11.3052 19.3052 16.7857 20.9564 19.802 21.6127C20.9668 21.8662 22 20.9575 22 19.7655L22 16.1812L18.1182 14.702Z\" stroke=\"#000000\" stroke-width=\"1.5\" stroke-linecap=\"round\" stroke-linejoin=\"round\"><\/path><\/svg>\t\t\t<\/div>\n\t\t<\/div>\n\t\t\t\t\t\t<\/div>\n\t\t\t\t<div class=\"elementor-element elementor-element-6b939f8 elementor-widget elementor-widget-heading\" data-id=\"6b939f8\" data-element_type=\"widget\" data-e-type=\"widget\" data-widget_type=\"heading.default\">\n\t\t\t\t\t<h6 class=\"elementor-heading-title elementor-size-default\">WhatsApp<\/h6>\t\t\t\t<\/div>\n\t\t\t\t<div class=\"elementor-element elementor-element-7942147 elementor-widget elementor-widget-text-editor\" data-id=\"7942147\" data-element_type=\"widget\" data-e-type=\"widget\" data-widget_type=\"text-editor.default\">\n\t\t\t\t\t\t\t\t\t<p class=\"p1\"><a href=\"tel:+1 234 567 8978\">+1 234 567 8978<\/a><\/p>\t\t\t\t\t\t\t\t<\/div>\n\t\t\t\t<\/div>\n\t\t<div class=\"elementor-element elementor-element-f03baaf e-con-full animated-fast e-flex elementor-invisible e-con e-child\" data-id=\"f03baaf\" data-element_type=\"container\" data-e-type=\"container\" data-settings=\"{&quot;animation&quot;:&quot;jkd-fade-up-el&quot;,&quot;animation_delay&quot;:100}\">\n\t\t\t\t<div class=\"elementor-element elementor-element-6d23a8d accent-icon-stroke elementor-widget__width-auto elementor-view-default elementor-widget elementor-widget-icon\" data-id=\"6d23a8d\" data-element_type=\"widget\" data-e-type=\"widget\" data-widget_type=\"icon.default\">\n\t\t\t\t\t\t\t<div class=\"elementor-icon-wrapper\">\n\t\t\t<div class=\"elementor-icon\">\n\t\t\t<svg xmlns=\"http:\/\/www.w3.org\/2000\/svg\" width=\"24px\" height=\"24px\" stroke-width=\"1.5\" viewbox=\"0 0 24 24\" fill=\"none\" color=\"#000000\"><path d=\"M9 8H4C2.89543 8 2 8.89543 2 10V19C2 20.1046 2.89543 21 4 21H20C21.1046 21 22 20.1046 22 19V10C22 8.89543 21.1046 8 20 8H15M9 8V3.6C9 3.26863 9.26863 3 9.6 3H14.4C14.7314 3 15 3.26863 15 3.6V8M9 8H15M9 8V14M15 8V14\" stroke=\"#000000\" stroke-width=\"1.5\" stroke-linecap=\"round\" stroke-linejoin=\"round\"><\/path><\/svg>\t\t\t<\/div>\n\t\t<\/div>\n\t\t\t\t\t\t<\/div>\n\t\t\t\t<div class=\"elementor-element elementor-element-b1782e5 elementor-widget elementor-widget-heading\" data-id=\"b1782e5\" data-element_type=\"widget\" data-e-type=\"widget\" data-widget_type=\"heading.default\">\n\t\t\t\t\t<h6 class=\"elementor-heading-title elementor-size-default\">Disponibilidad<\/h6>\t\t\t\t<\/div>\n\t\t\t\t<div class=\"elementor-element elementor-element-86c0beb elementor-widget elementor-widget-text-editor\" data-id=\"86c0beb\" data-element_type=\"widget\" data-e-type=\"widget\" data-widget_type=\"text-editor.default\">\n\t\t\t\t\t\t\t\t\t<p class=\"p1\">Aceptando nuevos proyectos<\/p>\t\t\t\t\t\t\t\t<\/div>\n\t\t\t\t<\/div>\n\t\t<div class=\"elementor-element elementor-element-944e602 e-con-full animated-fast e-flex elementor-invisible e-con e-child\" data-id=\"944e602\" data-element_type=\"container\" data-e-type=\"container\" data-settings=\"{&quot;animation&quot;:&quot;jkd-fade-up-el&quot;,&quot;animation_delay&quot;:200}\">\n\t\t\t\t<div class=\"elementor-element elementor-element-4fa8943 accent-icon-stroke elementor-widget__width-auto elementor-view-default elementor-widget elementor-widget-icon\" data-id=\"4fa8943\" data-element_type=\"widget\" data-e-type=\"widget\" data-widget_type=\"icon.default\">\n\t\t\t\t\t\t\t<div class=\"elementor-icon-wrapper\">\n\t\t\t<div class=\"elementor-icon\">\n\t\t\t<svg xmlns=\"http:\/\/www.w3.org\/2000\/svg\" width=\"24px\" height=\"24px\" stroke-width=\"1.5\" viewbox=\"0 0 24 24\" fill=\"none\" color=\"#000000\"><path d=\"M12 22C17.5228 22 22 17.5228 22 12C22 6.47715 17.5228 2 12 2C6.47715 2 2 6.47715 2 12C2 13.8214 2.48697 15.5291 3.33782 17L2.5 21.5L7 20.6622C8.47087 21.513 10.1786 22 12 22Z\" stroke=\"#000000\" stroke-width=\"1.5\" stroke-linecap=\"round\" stroke-linejoin=\"round\"><\/path><\/svg>\t\t\t<\/div>\n\t\t<\/div>\n\t\t\t\t\t\t<\/div>\n\t\t\t\t<div class=\"elementor-element elementor-element-48ebe38 elementor-widget elementor-widget-heading\" data-id=\"48ebe38\" data-element_type=\"widget\" data-e-type=\"widget\" data-widget_type=\"heading.default\">\n\t\t\t\t\t<h6 class=\"elementor-heading-title elementor-size-default\">Live Chat<\/h6>\t\t\t\t<\/div>\n\t\t\t\t<div class=\"elementor-element elementor-element-a39f97d elementor-widget elementor-widget-text-editor\" data-id=\"a39f97d\" data-element_type=\"widget\" data-e-type=\"widget\" data-widget_type=\"text-editor.default\">\n\t\t\t\t\t\t\t\t\t<p><a href=\"mailto:alex@monogram.com\">alex@monogram.com<\/a><\/p>\t\t\t\t\t\t\t\t<\/div>\n\t\t\t\t<\/div>\n\t\t<div class=\"elementor-element elementor-element-8d1fb5b e-con-full animated-fast e-flex elementor-invisible e-con e-child\" data-id=\"8d1fb5b\" data-element_type=\"container\" data-e-type=\"container\" data-settings=\"{&quot;animation&quot;:&quot;jkd-fade-up-el&quot;,&quot;animation_delay&quot;:300}\">\n\t\t\t\t<div class=\"elementor-element elementor-element-72d0797 accent-icon-stroke elementor-widget__width-auto elementor-view-default elementor-widget elementor-widget-icon\" data-id=\"72d0797\" data-element_type=\"widget\" data-e-type=\"widget\" data-widget_type=\"icon.default\">\n\t\t\t\t\t\t\t<div class=\"elementor-icon-wrapper\">\n\t\t\t<div class=\"elementor-icon\">\n\t\t\t<svg xmlns=\"http:\/\/www.w3.org\/2000\/svg\" width=\"24px\" height=\"24px\" stroke-width=\"1.5\" viewbox=\"0 0 24 24\" fill=\"none\" color=\"#000000\"><path d=\"M9 2L15 2\" stroke=\"#000000\" stroke-width=\"1.5\" stroke-linecap=\"round\" stroke-linejoin=\"round\"><\/path><path d=\"M12 10L12 14\" stroke=\"#000000\" stroke-width=\"1.5\" stroke-linecap=\"round\" stroke-linejoin=\"round\"><\/path><path d=\"M12 22C16.4183 22 20 18.4183 20 14C20 9.58172 16.4183 6 12 6C7.58172 6 4 9.58172 4 14C4 18.4183 7.58172 22 12 22Z\" stroke=\"#000000\" stroke-width=\"1.5\" stroke-linecap=\"round\" stroke-linejoin=\"round\"><\/path><\/svg>\t\t\t<\/div>\n\t\t<\/div>\n\t\t\t\t\t\t<\/div>\n\t\t\t\t<div class=\"elementor-element elementor-element-f9264a0 elementor-widget elementor-widget-heading\" data-id=\"f9264a0\" data-element_type=\"widget\" data-e-type=\"widget\" data-widget_type=\"heading.default\">\n\t\t\t\t\t<h6 class=\"elementor-heading-title elementor-size-default\">Horario de atenci\u00f3n<\/h6>\t\t\t\t<\/div>\n\t\t\t\t<div class=\"elementor-element elementor-element-f99a46e elementor-widget elementor-widget-text-editor\" data-id=\"f99a46e\" data-element_type=\"widget\" data-e-type=\"widget\" data-widget_type=\"text-editor.default\">\n\t\t\t\t\t\t\t\t\t<p>Lunes a Viernes, 9:00\u201318:00 (CET)<\/p>\t\t\t\t\t\t\t\t<\/div>\n\t\t\t\t<\/div>\n\t\t\t\t\t<\/div>\n\t\t\t\t<\/div>\n\t\t\t\t<\/div>","protected":false},"excerpt":{"rendered":"<p>Hablemos de tu proyecto \u00bfTienes un proyecto en mente o quieres optimizar tu operaci\u00f3n actual? Conversemos sobre tu situaci\u00f3n y evaluemos oportunidades concretas de mejora. Nombre * Apellido * Email * Mensaje * Al contactar aceptas nuestros Terms of service y Privacy Policy WhatsApp +1 234 567 8978 Disponibilidad Aceptando nuevos proyectos Live Chat alex@monogram.com [&hellip;]<\/p>\n","protected":false},"author":1,"featured_media":0,"parent":0,"menu_order":0,"comment_status":"closed","ping_status":"closed","template":"","meta":{"_acf_changed":false,"footnotes":""},"class_list":["post-118","page","type-page","status-publish","hentry"],"acf":[],"_links":{"self":[{"href":"https:\/\/vanderban.emprenderads.com\/en\/wp-json\/wp\/v2\/pages\/118","targetHints":{"allow":["GET"]}}],"collection":[{"href":"https:\/\/vanderban.emprenderads.com\/en\/wp-json\/wp\/v2\/pages"}],"about":[{"href":"https:\/\/vanderban.emprenderads.com\/en\/wp-json\/wp\/v2\/types\/page"}],"author":[{"embeddable":true,"href":"https:\/\/vanderban.emprenderads.com\/en\/wp-json\/wp\/v2\/users\/1"}],"replies":[{"embeddable":true,"href":"https:\/\/vanderban.emprenderads.com\/en\/wp-json\/wp\/v2\/comments?post=118"}],"version-history":[{"count":5,"href":"https:\/\/vanderban.emprenderads.com\/en\/wp-json\/wp\/v2\/pages\/118\/revisions"}],"predecessor-version":[{"id":4416,"href":"https:\/\/vanderban.emprenderads.com\/en\/wp-json\/wp\/v2\/pages\/118\/revisions\/4416"}],"wp:attachment":[{"href":"https:\/\/vanderban.emprenderads.com\/en\/wp-json\/wp\/v2\/media?parent=118"}],"curies":[{"name":"wp","href":"https:\/\/api.w.org\/{rel}","templated":true}]}}